{"id":571,"date":"2022-08-15T11:34:17","date_gmt":"2022-08-15T09:34:17","guid":{"rendered":"https:\/\/www.cro-housekeepers.com\/tvrtka\/"},"modified":"2024-05-28T16:55:32","modified_gmt":"2024-05-28T14:55:32","slug":"tvrtka","status":"publish","type":"page","link":"https:\/\/www.cro-housekeepers.com\/hr\/tvrtka\/","title":{"rendered":"Tvrtka"},"content":{"rendered":"\n<div class=\"wp-block-columns is-layout-flex wp-container-core-columns-is-layout-9d6595d7 wp-block-columns-is-layout-flex\">\n<div class=\"wp-block-column is-layout-flow wp-block-column-is-layout-flow\">\n<p>Cro Housekeepers<br\/>Bo\u0161njak Group d.o.o.<br\/>Zatonska Ulica 181B<br\/>22111 Vodice<\/p>\n\n\n\n<p><strong>Zastupa:<\/strong>&#13;\nOliver Bo\u0161njak&#13;\n&#13;\n<strong>Kontakt:<\/strong>&#13;\nPhone: +385 99 2141 064&#13;\nMail: <a href=\"mailto:office@cro-housekeepers.com\">office@cro-housekeepers.com<\/a>&#13;\n&#13;\nIdentifikacijski broj poreza na promet prema \u010dlanku. 27. a Zakona o porezu na promet:&#13;\nOIB: 06065720969<\/p>\n\n\n\n<p><strong>EU rje\u0161avanje sporova<\/strong>&#13;\nEuropska komisija pru\u017ea platformu za online rje\u0161avanje sporova (ODR): https:\/\/ec.europa.eu\/consumers\/odr\/.&#13;\nNa\u0161u e-mail adresu mo\u017eete prona\u0107i gore u obavijesti o stranici.<\/p>\n\n\n\n<p><strong>Postupak rje\u0161avanja sporova pred potro\u0161a\u010dkom arbitra\u017eom<\/strong>&#13;\nNismo voljni niti smo obvezni sudjelovati u postupcima rje\u0161avanja sporova pred arbitra\u017eom potro\u0161a\u010da.<\/p>\n<\/div>\n<\/div>\n","protected":false},"excerpt":{"rendered":"<p>Cro HousekeepersBo\u0161njak Group d.o.o.Zatonska Ulica 181B22111 Vodice Zastupa:&#13; Oliver Bo\u0161njak&#13; &#13; Kontakt:&#13; Phone: +385 99 2141 064&#13; Mail: office@cro-housekeepers.com&#13; &#13; Identifikacijski broj poreza na promet prema \u010dlanku. 27. a Zakona o porezu na promet:&#13; OIB: 06065720969 EU rje\u0161avanje sporova&#13; Europska komisija pru\u017ea platformu za online rje\u0161avanje sporova (ODR): https:\/\/ec.europa.eu\/consumers\/odr\/.&#13; Na\u0161u e-mail adresu mo\u017eete prona\u0107i gore\u2026 <a href=\"https:\/\/www.cro-housekeepers.com\/hr\/tvrtka\/\">Read More &raquo;<\/a><\/p>\n","protected":false},"author":1,"featured_media":0,"parent":0,"menu_order":99,"comment_status":"closed","ping_status":"closed","template":"page-imprint.php","meta":{"_acf_changed":false,"inline_featured_image":false,"footnotes":""},"class_list":["post-571","page","type-page","status-publish","hentry"],"acf":[],"yoast_head":"<!-- This site is optimized with the Yoast SEO plugin v27.4 - https:\/\/yoast.com\/product\/yoast-seo-wordpress\/ -->\n<title>Tvrtka - Cro Housekeepers<\/title>\n<meta name=\"robots\" content=\"index, follow, max-snippet:-1, max-image-preview:large, max-video-preview:-1\" \/>\n<link rel=\"canonical\" href=\"https:\/\/www.cro-housekeepers.com\/hr\/tvrtka\/\" \/>\n<meta property=\"og:locale\" content=\"hr_HR\" \/>\n<meta property=\"og:type\" content=\"article\" \/>\n<meta property=\"og:title\" content=\"Tvrtka - Cro Housekeepers\" \/>\n<meta property=\"og:description\" content=\"Cro HousekeepersBo\u0161njak Group d.o.o.Zatonska Ulica 181B22111 Vodice Zastupa:&#013; Oliver Bo\u0161njak&#013; &#013; Kontakt:&#013; Phone: +385 99 2141 064&#013; Mail: office@cro-housekeepers.com&#013; &#013; Identifikacijski broj poreza na promet prema \u010dlanku. 27. a Zakona o porezu na promet:&#013; OIB: 06065720969 EU rje\u0161avanje sporova&#013; Europska komisija pru\u017ea platformu za online rje\u0161avanje sporova (ODR): https:\/\/ec.europa.eu\/consumers\/odr\/.&#013; Na\u0161u e-mail adresu mo\u017eete prona\u0107i gore\u2026 Read More &raquo;\" \/>\n<meta property=\"og:url\" content=\"https:\/\/www.cro-housekeepers.com\/hr\/tvrtka\/\" \/>\n<meta property=\"og:site_name\" content=\"Cro Housekeepers\" \/>\n<meta property=\"article:modified_time\" content=\"2024-05-28T14:55:32+00:00\" \/>\n<meta property=\"og:image\" content=\"https:\/\/www.cro-housekeepers.com\/wp-content\/uploads\/2024\/05\/Cro-House-keepers-Property-Management-1200.jpg\" \/>\n\t<meta property=\"og:image:width\" content=\"1200\" \/>\n\t<meta property=\"og:image:height\" content=\"675\" \/>\n\t<meta property=\"og:image:type\" content=\"image\/jpeg\" \/>\n<meta name=\"twitter:card\" content=\"summary_large_image\" \/>\n<script type=\"application\/ld+json\" class=\"yoast-schema-graph\">{\"@context\":\"https:\\\/\\\/schema.org\",\"@graph\":[{\"@type\":\"WebPage\",\"@id\":\"https:\\\/\\\/www.cro-housekeepers.com\\\/hr\\\/tvrtka\\\/\",\"url\":\"https:\\\/\\\/www.cro-housekeepers.com\\\/hr\\\/tvrtka\\\/\",\"name\":\"Tvrtka - Cro Housekeepers\",\"isPartOf\":{\"@id\":\"https:\\\/\\\/www.cro-housekeepers.com\\\/hr\\\/#website\"},\"datePublished\":\"2022-08-15T09:34:17+00:00\",\"dateModified\":\"2024-05-28T14:55:32+00:00\",\"breadcrumb\":{\"@id\":\"https:\\\/\\\/www.cro-housekeepers.com\\\/hr\\\/tvrtka\\\/#breadcrumb\"},\"inLanguage\":\"hr\",\"potentialAction\":[{\"@type\":\"ReadAction\",\"target\":[\"https:\\\/\\\/www.cro-housekeepers.com\\\/hr\\\/tvrtka\\\/\"]}]},{\"@type\":\"BreadcrumbList\",\"@id\":\"https:\\\/\\\/www.cro-housekeepers.com\\\/hr\\\/tvrtka\\\/#breadcrumb\",\"itemListElement\":[{\"@type\":\"ListItem\",\"position\":1,\"name\":\"Startseite\",\"item\":\"https:\\\/\\\/www.cro-housekeepers.com\\\/hr\\\/\"},{\"@type\":\"ListItem\",\"position\":2,\"name\":\"Tvrtka\"}]},{\"@type\":\"WebSite\",\"@id\":\"https:\\\/\\\/www.cro-housekeepers.com\\\/hr\\\/#website\",\"url\":\"https:\\\/\\\/www.cro-housekeepers.com\\\/hr\\\/\",\"name\":\"Cro Housekeepers\",\"description\":\" Property service and management | Murter, Vodice, \u0160ibenik\",\"potentialAction\":[{\"@type\":\"SearchAction\",\"target\":{\"@type\":\"EntryPoint\",\"urlTemplate\":\"https:\\\/\\\/www.cro-housekeepers.com\\\/hr\\\/?s={search_term_string}\"},\"query-input\":{\"@type\":\"PropertyValueSpecification\",\"valueRequired\":true,\"valueName\":\"search_term_string\"}}],\"inLanguage\":\"hr\"}]}<\/script>\n<!-- \/ Yoast SEO plugin. -->","yoast_head_json":{"title":"Tvrtka - Cro Housekeepers","robots":{"index":"index","follow":"follow","max-snippet":"max-snippet:-1","max-image-preview":"max-image-preview:large","max-video-preview":"max-video-preview:-1"},"canonical":"https:\/\/www.cro-housekeepers.com\/hr\/tvrtka\/","og_locale":"hr_HR","og_type":"article","og_title":"Tvrtka - Cro Housekeepers","og_description":"Cro HousekeepersBo\u0161njak Group d.o.o.Zatonska Ulica 181B22111 Vodice Zastupa:&#13; Oliver Bo\u0161njak&#13; &#13; Kontakt:&#13; Phone: +385 99 2141 064&#13; Mail: office@cro-housekeepers.com&#13; &#13; Identifikacijski broj poreza na promet prema \u010dlanku. 27. a Zakona o porezu na promet:&#13; OIB: 06065720969 EU rje\u0161avanje sporova&#13; Europska komisija pru\u017ea platformu za online rje\u0161avanje sporova (ODR): https:\/\/ec.europa.eu\/consumers\/odr\/.&#13; Na\u0161u e-mail adresu mo\u017eete prona\u0107i gore\u2026 Read More &raquo;","og_url":"https:\/\/www.cro-housekeepers.com\/hr\/tvrtka\/","og_site_name":"Cro Housekeepers","article_modified_time":"2024-05-28T14:55:32+00:00","og_image":[{"width":1200,"height":675,"url":"https:\/\/www.cro-housekeepers.com\/wp-content\/uploads\/2024\/05\/Cro-House-keepers-Property-Management-1200.jpg","type":"image\/jpeg"}],"twitter_card":"summary_large_image","schema":{"@context":"https:\/\/schema.org","@graph":[{"@type":"WebPage","@id":"https:\/\/www.cro-housekeepers.com\/hr\/tvrtka\/","url":"https:\/\/www.cro-housekeepers.com\/hr\/tvrtka\/","name":"Tvrtka - Cro Housekeepers","isPartOf":{"@id":"https:\/\/www.cro-housekeepers.com\/hr\/#website"},"datePublished":"2022-08-15T09:34:17+00:00","dateModified":"2024-05-28T14:55:32+00:00","breadcrumb":{"@id":"https:\/\/www.cro-housekeepers.com\/hr\/tvrtka\/#breadcrumb"},"inLanguage":"hr","potentialAction":[{"@type":"ReadAction","target":["https:\/\/www.cro-housekeepers.com\/hr\/tvrtka\/"]}]},{"@type":"BreadcrumbList","@id":"https:\/\/www.cro-housekeepers.com\/hr\/tvrtka\/#breadcrumb","itemListElement":[{"@type":"ListItem","position":1,"name":"Startseite","item":"https:\/\/www.cro-housekeepers.com\/hr\/"},{"@type":"ListItem","position":2,"name":"Tvrtka"}]},{"@type":"WebSite","@id":"https:\/\/www.cro-housekeepers.com\/hr\/#website","url":"https:\/\/www.cro-housekeepers.com\/hr\/","name":"Cro Housekeepers","description":" Property service and management | Murter, Vodice, \u0160ibenik","potentialAction":[{"@type":"SearchAction","target":{"@type":"EntryPoint","urlTemplate":"https:\/\/www.cro-housekeepers.com\/hr\/?s={search_term_string}"},"query-input":{"@type":"PropertyValueSpecification","valueRequired":true,"valueName":"search_term_string"}}],"inLanguage":"hr"}]}},"_links":{"self":[{"href":"https:\/\/www.cro-housekeepers.com\/hr\/wp-json\/wp\/v2\/pages\/571","targetHints":{"allow":["GET"]}}],"collection":[{"href":"https:\/\/www.cro-housekeepers.com\/hr\/wp-json\/wp\/v2\/pages"}],"about":[{"href":"https:\/\/www.cro-housekeepers.com\/hr\/wp-json\/wp\/v2\/types\/page"}],"author":[{"embeddable":true,"href":"https:\/\/www.cro-housekeepers.com\/hr\/wp-json\/wp\/v2\/users\/1"}],"replies":[{"embeddable":true,"href":"https:\/\/www.cro-housekeepers.com\/hr\/wp-json\/wp\/v2\/comments?post=571"}],"version-history":[{"count":1,"href":"https:\/\/www.cro-housekeepers.com\/hr\/wp-json\/wp\/v2\/pages\/571\/revisions"}],"predecessor-version":[{"id":572,"href":"https:\/\/www.cro-housekeepers.com\/hr\/wp-json\/wp\/v2\/pages\/571\/revisions\/572"}],"wp:attachment":[{"href":"https:\/\/www.cro-housekeepers.com\/hr\/wp-json\/wp\/v2\/media?parent=571"}],"curies":[{"name":"wp","href":"https:\/\/api.w.org\/{rel}","templated":true}]}}