{"id":554,"date":"2022-08-15T11:34:51","date_gmt":"2022-08-15T09:34:51","guid":{"rendered":"https:\/\/www.cro-housekeepers.com\/drustvena-odgovornost\/"},"modified":"2024-12-20T12:35:10","modified_gmt":"2024-12-20T11:35:10","slug":"drustvena-odgovornost","status":"publish","type":"page","link":"https:\/\/www.cro-housekeepers.com\/hr\/drustvena-odgovornost\/","title":{"rendered":"Dru\u0161tvena odgovornost"},"content":{"rendered":"\n<h2 class=\"wp-block-heading\">Biste li riskirali \u017eivot za 700 \u20ac mjese\u010dno?<\/h2>\n\n<div class=\"wp-block-columns is-layout-flex wp-container-core-columns-is-layout-9d6595d7 wp-block-columns-is-layout-flex\">\n<div class=\"wp-block-column is-layout-flow wp-block-column-is-layout-flow\">\n<p>Nepuna dva mjeseca nakon \u0161to smo emigrirali u Hrvatsku nismo morali izbliza do\u017eivjeti prvi \u0161umski po\u017ear. Izazvan otvorenim plamenom, po\u017ear se zbog jakog vjetra \u0161irio strahovitom brzinom. Ono \u0161to se ujutro \u010dinilo kao mali po\u017ear do ve\u010deri se pretvorilo u pakao. U ga\u0161enju po\u017eara sudjelovalo je pet protupo\u017earnih zrakoplova i vi\u0161e od 300 hrabrih vatrogasaca. Tek sljede\u0107e ve\u010deri sve je bilo pod kontrolom. U vatri su izgorjeli brojni maslinici, automobili i ku\u0107e. Bilo je to u\u017easno i traumati\u010dno iskustvo za na\u0161u obitelj, zbog \u010dega smo se intenzivno bavili situacijom u vatrogastvu u Hrvatskoj.<\/p>\n\n\n\n<p>Nismo mogli vjerovati u kakvim okolnostima ovi hrabri mu\u0161karci i \u017eene tako \u010desto riskiraju svoje \u017eivote. Pla\u0107e nisu dovoljne za \u017eivot &#8211; ve\u0107ina ih ima dodatne poslove kako bi uzdr\u017eavali svoje obitelji. Vatrogasna vozila i tehni\u010dka oprema su zastarjeli i u katastrofalnom stanju. \u010cinilo nam se da je samo to \u0161to Hrvati cijene svoje heroje dovoljno da ih natjera da se dobrovoljno prijave u vatrogasno dru\u0161tvo.<\/p>\n<\/div>\n\n\n\n<div class=\"wp-block-column is-layout-flow wp-block-column-is-layout-flow\">\n<p>Kako bi vatrogasci trebali mo\u0107i i htjeti za\u0161tititi na\u0161u imovinu od prirodnih katastrofa ako mi sami ne u\u010dinimo svoj dio? Znaju\u0107i sve to, morali smo se uklju\u010diti.<\/p>\n\n\n\n<p>Mi u Cro Housekeepers-u zauzeli smo se za du\u017enost da redovito poma\u017eemo vatrogascima. Stoga \u0107emo od svakog osnovnog paketa koji s nama sklopite mjese\u010dni iznos od 5,00 \u20ac donirati vatrogasnoj postrojbi u Vodicama. Sretni smo \u0161to mo\u017eemo dati svoj doprinos i izraziti svoju zahvalnost ovim ljudima i njihovoj nevjerojatnoj hrabrosti \u2013 zajedno s vama, na\u0161im kupcima.<\/p>\n\n\n\n<p>Slobodno namjenski dajte izravnu donaciju vatrogasnoj postrojbi u Vodicama&#13;\nDONACIJA:&#13;\nOTP Banka&#13;\nHR2724070001100538675&#13;\nBIC (SWIFT) kod: OTPVHR2X<\/p>\n<\/div>\n<\/div>\n","protected":false},"excerpt":{"rendered":"<p>Biste li riskirali \u017eivot za 700 \u20ac mjese\u010dno? Nepuna dva mjeseca nakon \u0161to smo emigrirali u Hrvatsku nismo morali izbliza do\u017eivjeti prvi \u0161umski po\u017ear. Izazvan otvorenim plamenom, po\u017ear se zbog jakog vjetra \u0161irio strahovitom brzinom. Ono \u0161to se ujutro \u010dinilo kao mali po\u017ear do ve\u010deri se pretvorilo u pakao. U ga\u0161enju po\u017eara sudjelovalo je pet\u2026 <a href=\"https:\/\/www.cro-housekeepers.com\/hr\/drustvena-odgovornost\/\">Read More &raquo;<\/a><\/p>\n","protected":false},"author":1,"featured_media":0,"parent":0,"menu_order":3,"comment_status":"closed","ping_status":"closed","template":"page-firefighters.php","meta":{"_acf_changed":false,"inline_featured_image":false,"footnotes":""},"class_list":["post-554","page","type-page","status-publish","hentry"],"acf":[],"yoast_head":"<!-- This site is optimized with the Yoast SEO plugin v27.4 - https:\/\/yoast.com\/product\/yoast-seo-wordpress\/ -->\n<title>Dru\u0161tvena odgovornost - Cro Housekeepers<\/title>\n<meta name=\"description\" content=\"Mi u Cro Housekeepersu zauzeli smo se za du\u017enost da redovito poma\u017eemo vatrogascima. Drago nam je \u0161to mo\u017eemo izraziti svoju zahvalnost.\" \/>\n<meta name=\"robots\" content=\"index, follow, max-snippet:-1, max-image-preview:large, max-video-preview:-1\" \/>\n<link rel=\"canonical\" href=\"https:\/\/www.cro-housekeepers.com\/hr\/drustvena-odgovornost\/\" \/>\n<meta property=\"og:locale\" content=\"hr_HR\" \/>\n<meta property=\"og:type\" content=\"article\" \/>\n<meta property=\"og:title\" content=\"Dru\u0161tvena odgovornost - Cro Housekeepers\" \/>\n<meta property=\"og:description\" content=\"Mi u Cro Housekeepersu zauzeli smo se za du\u017enost da redovito poma\u017eemo vatrogascima. Drago nam je \u0161to mo\u017eemo izraziti svoju zahvalnost.\" \/>\n<meta property=\"og:url\" content=\"https:\/\/www.cro-housekeepers.com\/hr\/drustvena-odgovornost\/\" \/>\n<meta property=\"og:site_name\" content=\"Cro Housekeepers\" \/>\n<meta property=\"article:modified_time\" content=\"2024-12-20T11:35:10+00:00\" \/>\n<meta property=\"og:image\" content=\"https:\/\/www.cro-housekeepers.com\/wp-content\/uploads\/2024\/05\/Cro-House-keepers-Property-Management-1200.jpg\" \/>\n\t<meta property=\"og:image:width\" content=\"1200\" \/>\n\t<meta property=\"og:image:height\" content=\"675\" \/>\n\t<meta property=\"og:image:type\" content=\"image\/jpeg\" \/>\n<meta name=\"twitter:card\" content=\"summary_large_image\" \/>\n<meta name=\"twitter:label1\" content=\"Procijenjeno vrijeme \u010ditanja\" \/>\n\t<meta name=\"twitter:data1\" content=\"1 minuta\" \/>\n<script type=\"application\/ld+json\" class=\"yoast-schema-graph\">{\"@context\":\"https:\\\/\\\/schema.org\",\"@graph\":[{\"@type\":\"WebPage\",\"@id\":\"https:\\\/\\\/www.cro-housekeepers.com\\\/hr\\\/drustvena-odgovornost\\\/\",\"url\":\"https:\\\/\\\/www.cro-housekeepers.com\\\/hr\\\/drustvena-odgovornost\\\/\",\"name\":\"Dru\u0161tvena odgovornost - Cro Housekeepers\",\"isPartOf\":{\"@id\":\"https:\\\/\\\/www.cro-housekeepers.com\\\/hr\\\/#website\"},\"datePublished\":\"2022-08-15T09:34:51+00:00\",\"dateModified\":\"2024-12-20T11:35:10+00:00\",\"description\":\"Mi u Cro Housekeepersu zauzeli smo se za du\u017enost da redovito poma\u017eemo vatrogascima. Drago nam je \u0161to mo\u017eemo izraziti svoju zahvalnost.\",\"breadcrumb\":{\"@id\":\"https:\\\/\\\/www.cro-housekeepers.com\\\/hr\\\/drustvena-odgovornost\\\/#breadcrumb\"},\"inLanguage\":\"hr\",\"potentialAction\":[{\"@type\":\"ReadAction\",\"target\":[\"https:\\\/\\\/www.cro-housekeepers.com\\\/hr\\\/drustvena-odgovornost\\\/\"]}]},{\"@type\":\"BreadcrumbList\",\"@id\":\"https:\\\/\\\/www.cro-housekeepers.com\\\/hr\\\/drustvena-odgovornost\\\/#breadcrumb\",\"itemListElement\":[{\"@type\":\"ListItem\",\"position\":1,\"name\":\"Startseite\",\"item\":\"https:\\\/\\\/www.cro-housekeepers.com\\\/hr\\\/\"},{\"@type\":\"ListItem\",\"position\":2,\"name\":\"Dru\u0161tvena odgovornost\"}]},{\"@type\":\"WebSite\",\"@id\":\"https:\\\/\\\/www.cro-housekeepers.com\\\/hr\\\/#website\",\"url\":\"https:\\\/\\\/www.cro-housekeepers.com\\\/hr\\\/\",\"name\":\"Cro Housekeepers\",\"description\":\" Property service and management | Murter, Vodice, \u0160ibenik\",\"potentialAction\":[{\"@type\":\"SearchAction\",\"target\":{\"@type\":\"EntryPoint\",\"urlTemplate\":\"https:\\\/\\\/www.cro-housekeepers.com\\\/hr\\\/?s={search_term_string}\"},\"query-input\":{\"@type\":\"PropertyValueSpecification\",\"valueRequired\":true,\"valueName\":\"search_term_string\"}}],\"inLanguage\":\"hr\"}]}<\/script>\n<!-- \/ Yoast SEO plugin. -->","yoast_head_json":{"title":"Dru\u0161tvena odgovornost - Cro Housekeepers","description":"Mi u Cro Housekeepersu zauzeli smo se za du\u017enost da redovito poma\u017eemo vatrogascima. Drago nam je \u0161to mo\u017eemo izraziti svoju zahvalnost.","robots":{"index":"index","follow":"follow","max-snippet":"max-snippet:-1","max-image-preview":"max-image-preview:large","max-video-preview":"max-video-preview:-1"},"canonical":"https:\/\/www.cro-housekeepers.com\/hr\/drustvena-odgovornost\/","og_locale":"hr_HR","og_type":"article","og_title":"Dru\u0161tvena odgovornost - Cro Housekeepers","og_description":"Mi u Cro Housekeepersu zauzeli smo se za du\u017enost da redovito poma\u017eemo vatrogascima. Drago nam je \u0161to mo\u017eemo izraziti svoju zahvalnost.","og_url":"https:\/\/www.cro-housekeepers.com\/hr\/drustvena-odgovornost\/","og_site_name":"Cro Housekeepers","article_modified_time":"2024-12-20T11:35:10+00:00","og_image":[{"width":1200,"height":675,"url":"https:\/\/www.cro-housekeepers.com\/wp-content\/uploads\/2024\/05\/Cro-House-keepers-Property-Management-1200.jpg","type":"image\/jpeg"}],"twitter_card":"summary_large_image","twitter_misc":{"Procijenjeno vrijeme \u010ditanja":"1 minuta"},"schema":{"@context":"https:\/\/schema.org","@graph":[{"@type":"WebPage","@id":"https:\/\/www.cro-housekeepers.com\/hr\/drustvena-odgovornost\/","url":"https:\/\/www.cro-housekeepers.com\/hr\/drustvena-odgovornost\/","name":"Dru\u0161tvena odgovornost - Cro Housekeepers","isPartOf":{"@id":"https:\/\/www.cro-housekeepers.com\/hr\/#website"},"datePublished":"2022-08-15T09:34:51+00:00","dateModified":"2024-12-20T11:35:10+00:00","description":"Mi u Cro Housekeepersu zauzeli smo se za du\u017enost da redovito poma\u017eemo vatrogascima. Drago nam je \u0161to mo\u017eemo izraziti svoju zahvalnost.","breadcrumb":{"@id":"https:\/\/www.cro-housekeepers.com\/hr\/drustvena-odgovornost\/#breadcrumb"},"inLanguage":"hr","potentialAction":[{"@type":"ReadAction","target":["https:\/\/www.cro-housekeepers.com\/hr\/drustvena-odgovornost\/"]}]},{"@type":"BreadcrumbList","@id":"https:\/\/www.cro-housekeepers.com\/hr\/drustvena-odgovornost\/#breadcrumb","itemListElement":[{"@type":"ListItem","position":1,"name":"Startseite","item":"https:\/\/www.cro-housekeepers.com\/hr\/"},{"@type":"ListItem","position":2,"name":"Dru\u0161tvena odgovornost"}]},{"@type":"WebSite","@id":"https:\/\/www.cro-housekeepers.com\/hr\/#website","url":"https:\/\/www.cro-housekeepers.com\/hr\/","name":"Cro Housekeepers","description":" Property service and management | Murter, Vodice, \u0160ibenik","potentialAction":[{"@type":"SearchAction","target":{"@type":"EntryPoint","urlTemplate":"https:\/\/www.cro-housekeepers.com\/hr\/?s={search_term_string}"},"query-input":{"@type":"PropertyValueSpecification","valueRequired":true,"valueName":"search_term_string"}}],"inLanguage":"hr"}]}},"_links":{"self":[{"href":"https:\/\/www.cro-housekeepers.com\/hr\/wp-json\/wp\/v2\/pages\/554","targetHints":{"allow":["GET"]}}],"collection":[{"href":"https:\/\/www.cro-housekeepers.com\/hr\/wp-json\/wp\/v2\/pages"}],"about":[{"href":"https:\/\/www.cro-housekeepers.com\/hr\/wp-json\/wp\/v2\/types\/page"}],"author":[{"embeddable":true,"href":"https:\/\/www.cro-housekeepers.com\/hr\/wp-json\/wp\/v2\/users\/1"}],"replies":[{"embeddable":true,"href":"https:\/\/www.cro-housekeepers.com\/hr\/wp-json\/wp\/v2\/comments?post=554"}],"version-history":[{"count":1,"href":"https:\/\/www.cro-housekeepers.com\/hr\/wp-json\/wp\/v2\/pages\/554\/revisions"}],"predecessor-version":[{"id":555,"href":"https:\/\/www.cro-housekeepers.com\/hr\/wp-json\/wp\/v2\/pages\/554\/revisions\/555"}],"wp:attachment":[{"href":"https:\/\/www.cro-housekeepers.com\/hr\/wp-json\/wp\/v2\/media?parent=554"}],"curies":[{"name":"wp","href":"https:\/\/api.w.org\/{rel}","templated":true}]}}