{"id":550,"date":"2022-08-15T11:34:42","date_gmt":"2022-08-15T09:34:42","guid":{"rendered":"https:\/\/www.cro-housekeepers.com\/usluge\/"},"modified":"2024-05-27T15:01:27","modified_gmt":"2024-05-27T13:01:27","slug":"usluge","status":"publish","type":"page","link":"https:\/\/www.cro-housekeepers.com\/hr\/usluge\/","title":{"rendered":"Usluge"},"content":{"rendered":"\n<h2 class=\"wp-block-heading\">Osnovni paket<\/h2>\n\n<ul class=\"wp-block-list\"><li>Sigurno \u010duvanje va\u0161ih klju\u010deva u vds-certificiranom (njema\u010dki certifikat) ormari\u0107u za klju\u010deve sa sigurnosnom razinom S 1 prema EN 14450<\/li><li>Procjena Va\u0161e nekretnine iznutra i izvana jednom mjese\u010dno, provjetravanje prostorija, pregled prozora, vrata, rasvjete, instalacija struje i vode.<\/li><li>Snimanje razine struje i vode (ako su slobodno dostupni)<\/li><li>Pra\u017enjenje po\u0161tanskog sandu\u010di\u0107a i spremanje po\u0161te. Ukoliko \u017eelite, va\u0161a pisma i fakture mo\u017eemo Vam proslijediti putem e-maila.<\/li><li>Nakon na\u0161e mjese\u010dne procjene, e-po\u0161tom \u0107ete dobiti popis i slike svoje nekretnine<\/li><li>U hitnim situacijama bit \u0107ete odmah kontaktirani telefonom<\/li><li>Uklju\u010duju\u0107i i donaciju od 5\u20ac Vatrogasnom domu Vodice.<\/li><\/ul>\n\n<p class=\"button fake filled\">70 \u20ac mjese\u010dno<\/p>\r\n","protected":false},"excerpt":{"rendered":"<p>Osnovni paket Sigurno \u010duvanje va\u0161ih klju\u010deva u vds-certificiranom (njema\u010dki certifikat) ormari\u0107u za klju\u010deve sa sigurnosnom razinom S 1 prema EN 14450 Procjena Va\u0161e nekretnine iznutra i izvana jednom mjese\u010dno, provjetravanje prostorija, pregled prozora, vrata, rasvjete, instalacija struje i vode. Snimanje razine struje i vode (ako su slobodno dostupni) Pra\u017enjenje po\u0161tanskog sandu\u010di\u0107a i spremanje po\u0161te. Ukoliko\u2026 <a href=\"https:\/\/www.cro-housekeepers.com\/hr\/usluge\/\">Read More &raquo;<\/a><\/p>\n","protected":false},"author":1,"featured_media":0,"parent":0,"menu_order":1,"comment_status":"closed","ping_status":"closed","template":"page-service.php","meta":{"_acf_changed":false,"inline_featured_image":false,"footnotes":""},"class_list":["post-550","page","type-page","status-publish","hentry"],"acf":[],"yoast_head":"<!-- This site is optimized with the Yoast SEO plugin v27.4 - https:\/\/yoast.com\/product\/yoast-seo-wordpress\/ -->\n<title>Usluge - Cro Housekeepers<\/title>\n<meta name=\"robots\" content=\"index, follow, max-snippet:-1, max-image-preview:large, max-video-preview:-1\" \/>\n<link rel=\"canonical\" href=\"https:\/\/www.cro-housekeepers.com\/hr\/usluge\/\" \/>\n<meta property=\"og:locale\" content=\"hr_HR\" \/>\n<meta property=\"og:type\" content=\"article\" \/>\n<meta property=\"og:title\" content=\"Usluge - Cro Housekeepers\" \/>\n<meta property=\"og:description\" content=\"Osnovni paket Sigurno \u010duvanje va\u0161ih klju\u010deva u vds-certificiranom (njema\u010dki certifikat) ormari\u0107u za klju\u010deve sa sigurnosnom razinom S 1 prema EN 14450 Procjena Va\u0161e nekretnine iznutra i izvana jednom mjese\u010dno, provjetravanje prostorija, pregled prozora, vrata, rasvjete, instalacija struje i vode. Snimanje razine struje i vode (ako su slobodno dostupni) Pra\u017enjenje po\u0161tanskog sandu\u010di\u0107a i spremanje po\u0161te. Ukoliko\u2026 Read More &raquo;\" \/>\n<meta property=\"og:url\" content=\"https:\/\/www.cro-housekeepers.com\/hr\/usluge\/\" \/>\n<meta property=\"og:site_name\" content=\"Cro Housekeepers\" \/>\n<meta property=\"article:modified_time\" content=\"2024-05-27T13:01:27+00:00\" \/>\n<meta property=\"og:image\" content=\"https:\/\/www.cro-housekeepers.com\/wp-content\/uploads\/2024\/05\/Cro-House-keepers-Property-Management-1200.jpg\" \/>\n\t<meta property=\"og:image:width\" content=\"1200\" \/>\n\t<meta property=\"og:image:height\" content=\"675\" \/>\n\t<meta property=\"og:image:type\" content=\"image\/jpeg\" \/>\n<meta name=\"twitter:card\" content=\"summary_large_image\" \/>\n<meta name=\"twitter:label1\" content=\"Procijenjeno vrijeme \u010ditanja\" \/>\n\t<meta name=\"twitter:data1\" content=\"1 minuta\" \/>\n<script type=\"application\/ld+json\" class=\"yoast-schema-graph\">{\"@context\":\"https:\\\/\\\/schema.org\",\"@graph\":[{\"@type\":\"WebPage\",\"@id\":\"https:\\\/\\\/www.cro-housekeepers.com\\\/hr\\\/usluge\\\/\",\"url\":\"https:\\\/\\\/www.cro-housekeepers.com\\\/hr\\\/usluge\\\/\",\"name\":\"Usluge - Cro Housekeepers\",\"isPartOf\":{\"@id\":\"https:\\\/\\\/www.cro-housekeepers.com\\\/hr\\\/#website\"},\"datePublished\":\"2022-08-15T09:34:42+00:00\",\"dateModified\":\"2024-05-27T13:01:27+00:00\",\"breadcrumb\":{\"@id\":\"https:\\\/\\\/www.cro-housekeepers.com\\\/hr\\\/usluge\\\/#breadcrumb\"},\"inLanguage\":\"hr\",\"potentialAction\":[{\"@type\":\"ReadAction\",\"target\":[\"https:\\\/\\\/www.cro-housekeepers.com\\\/hr\\\/usluge\\\/\"]}]},{\"@type\":\"BreadcrumbList\",\"@id\":\"https:\\\/\\\/www.cro-housekeepers.com\\\/hr\\\/usluge\\\/#breadcrumb\",\"itemListElement\":[{\"@type\":\"ListItem\",\"position\":1,\"name\":\"Startseite\",\"item\":\"https:\\\/\\\/www.cro-housekeepers.com\\\/hr\\\/\"},{\"@type\":\"ListItem\",\"position\":2,\"name\":\"Usluge\"}]},{\"@type\":\"WebSite\",\"@id\":\"https:\\\/\\\/www.cro-housekeepers.com\\\/hr\\\/#website\",\"url\":\"https:\\\/\\\/www.cro-housekeepers.com\\\/hr\\\/\",\"name\":\"Cro Housekeepers\",\"description\":\" Property service and management | Murter, Vodice, \u0160ibenik\",\"potentialAction\":[{\"@type\":\"SearchAction\",\"target\":{\"@type\":\"EntryPoint\",\"urlTemplate\":\"https:\\\/\\\/www.cro-housekeepers.com\\\/hr\\\/?s={search_term_string}\"},\"query-input\":{\"@type\":\"PropertyValueSpecification\",\"valueRequired\":true,\"valueName\":\"search_term_string\"}}],\"inLanguage\":\"hr\"}]}<\/script>\n<!-- \/ Yoast SEO plugin. -->","yoast_head_json":{"title":"Usluge - Cro Housekeepers","robots":{"index":"index","follow":"follow","max-snippet":"max-snippet:-1","max-image-preview":"max-image-preview:large","max-video-preview":"max-video-preview:-1"},"canonical":"https:\/\/www.cro-housekeepers.com\/hr\/usluge\/","og_locale":"hr_HR","og_type":"article","og_title":"Usluge - Cro Housekeepers","og_description":"Osnovni paket Sigurno \u010duvanje va\u0161ih klju\u010deva u vds-certificiranom (njema\u010dki certifikat) ormari\u0107u za klju\u010deve sa sigurnosnom razinom S 1 prema EN 14450 Procjena Va\u0161e nekretnine iznutra i izvana jednom mjese\u010dno, provjetravanje prostorija, pregled prozora, vrata, rasvjete, instalacija struje i vode. Snimanje razine struje i vode (ako su slobodno dostupni) Pra\u017enjenje po\u0161tanskog sandu\u010di\u0107a i spremanje po\u0161te. Ukoliko\u2026 Read More &raquo;","og_url":"https:\/\/www.cro-housekeepers.com\/hr\/usluge\/","og_site_name":"Cro Housekeepers","article_modified_time":"2024-05-27T13:01:27+00:00","og_image":[{"width":1200,"height":675,"url":"https:\/\/www.cro-housekeepers.com\/wp-content\/uploads\/2024\/05\/Cro-House-keepers-Property-Management-1200.jpg","type":"image\/jpeg"}],"twitter_card":"summary_large_image","twitter_misc":{"Procijenjeno vrijeme \u010ditanja":"1 minuta"},"schema":{"@context":"https:\/\/schema.org","@graph":[{"@type":"WebPage","@id":"https:\/\/www.cro-housekeepers.com\/hr\/usluge\/","url":"https:\/\/www.cro-housekeepers.com\/hr\/usluge\/","name":"Usluge - Cro Housekeepers","isPartOf":{"@id":"https:\/\/www.cro-housekeepers.com\/hr\/#website"},"datePublished":"2022-08-15T09:34:42+00:00","dateModified":"2024-05-27T13:01:27+00:00","breadcrumb":{"@id":"https:\/\/www.cro-housekeepers.com\/hr\/usluge\/#breadcrumb"},"inLanguage":"hr","potentialAction":[{"@type":"ReadAction","target":["https:\/\/www.cro-housekeepers.com\/hr\/usluge\/"]}]},{"@type":"BreadcrumbList","@id":"https:\/\/www.cro-housekeepers.com\/hr\/usluge\/#breadcrumb","itemListElement":[{"@type":"ListItem","position":1,"name":"Startseite","item":"https:\/\/www.cro-housekeepers.com\/hr\/"},{"@type":"ListItem","position":2,"name":"Usluge"}]},{"@type":"WebSite","@id":"https:\/\/www.cro-housekeepers.com\/hr\/#website","url":"https:\/\/www.cro-housekeepers.com\/hr\/","name":"Cro Housekeepers","description":" Property service and management | Murter, Vodice, \u0160ibenik","potentialAction":[{"@type":"SearchAction","target":{"@type":"EntryPoint","urlTemplate":"https:\/\/www.cro-housekeepers.com\/hr\/?s={search_term_string}"},"query-input":{"@type":"PropertyValueSpecification","valueRequired":true,"valueName":"search_term_string"}}],"inLanguage":"hr"}]}},"_links":{"self":[{"href":"https:\/\/www.cro-housekeepers.com\/hr\/wp-json\/wp\/v2\/pages\/550","targetHints":{"allow":["GET"]}}],"collection":[{"href":"https:\/\/www.cro-housekeepers.com\/hr\/wp-json\/wp\/v2\/pages"}],"about":[{"href":"https:\/\/www.cro-housekeepers.com\/hr\/wp-json\/wp\/v2\/types\/page"}],"author":[{"embeddable":true,"href":"https:\/\/www.cro-housekeepers.com\/hr\/wp-json\/wp\/v2\/users\/1"}],"replies":[{"embeddable":true,"href":"https:\/\/www.cro-housekeepers.com\/hr\/wp-json\/wp\/v2\/comments?post=550"}],"version-history":[{"count":3,"href":"https:\/\/www.cro-housekeepers.com\/hr\/wp-json\/wp\/v2\/pages\/550\/revisions"}],"predecessor-version":[{"id":561,"href":"https:\/\/www.cro-housekeepers.com\/hr\/wp-json\/wp\/v2\/pages\/550\/revisions\/561"}],"wp:attachment":[{"href":"https:\/\/www.cro-housekeepers.com\/hr\/wp-json\/wp\/v2\/media?parent=550"}],"curies":[{"name":"wp","href":"https:\/\/api.w.org\/{rel}","templated":true}]}}