{"id":178,"date":"2022-08-15T11:34:42","date_gmt":"2022-08-15T09:34:42","guid":{"rendered":"https:\/\/cro-housekeepers.nilsrogavac.de\/service\/"},"modified":"2022-09-06T11:42:47","modified_gmt":"2022-09-06T09:42:47","slug":"service","status":"publish","type":"page","link":"https:\/\/www.cro-housekeepers.com\/de\/service\/","title":{"rendered":"Service"},"content":{"rendered":"\n<h2 class=\"wp-block-heading\">Basic Basispaket<\/h2>\n\n<ul class=\"wp-block-list\"><li>Aufbewahrung Ihrer Schl\u00fcssel in einem vds-zertifizierten Schl\u00fcsseltresor mit Sicherheitsstufe S1 nach EN 14450<\/li><li>Begutachtung Ihrer Immobilie von innen und au\u00dfen 1x pro Monat, Bel\u00fcftung der R\u00e4umlichkeiten, \u00dcberpr\u00fcfung von Fenstern, T\u00fcren, Beleuchtung, Strom- und Wasserinstallationen <\/li><li>Notieren von Strom- und Wasserst\u00e4nden (sofern diese frei zug\u00e4nglich sind)<\/li><li>Leeren des Briefkastens und Aufbewahrung der Post. Gerne leiten wir Ihnen auf Wunsch Ihre Post per E-Mail weiter  <\/li><li>Zusendung der Checkliste per E-Mail nach Begutachtung Ihrer Immobilie inklusive Fotos<\/li><li>Sofortige telefonische Kontaktaufnahme in akuten Notfallsituationen<\/li><li>Von jedem Basispaket spenden wir monatlich 5 \u20ac an die Feuerwehr in Vodice.<\/li><\/ul>\n<p class=\"button fake filled\">70 \u20ac im Monat<\/p>\r\n","protected":false},"excerpt":{"rendered":"<p>Basic Basispaket Aufbewahrung Ihrer Schl\u00fcssel in einem vds-zertifizierten Schl\u00fcsseltresor mit Sicherheitsstufe S1 nach EN 14450 Begutachtung Ihrer Immobilie von innen und au\u00dfen 1x pro Monat, Bel\u00fcftung der R\u00e4umlichkeiten, \u00dcberpr\u00fcfung von Fenstern, T\u00fcren, Beleuchtung, Strom- und Wasserinstallationen Notieren von Strom- und Wasserst\u00e4nden (sofern diese frei zug\u00e4nglich sind) Leeren des Briefkastens und Aufbewahrung der Post. Gerne leiten\u2026 <a href=\"https:\/\/www.cro-housekeepers.com\/de\/service\/\">Read More &raquo;<\/a><\/p>\n","protected":false},"author":1,"featured_media":0,"parent":0,"menu_order":1,"comment_status":"closed","ping_status":"closed","template":"page-service.php","meta":{"_acf_changed":false,"inline_featured_image":false,"footnotes":""},"class_list":["post-178","page","type-page","status-publish","hentry"],"acf":[],"yoast_head":"<!-- This site is optimized with the Yoast SEO plugin v27.4 - https:\/\/yoast.com\/product\/yoast-seo-wordpress\/ -->\n<title>Service - Cro Housekeepers<\/title>\n<meta name=\"robots\" content=\"index, follow, max-snippet:-1, max-image-preview:large, max-video-preview:-1\" \/>\n<link rel=\"canonical\" href=\"https:\/\/www.cro-housekeepers.com\/de\/service\/\" \/>\n<meta property=\"og:locale\" content=\"de_DE\" \/>\n<meta property=\"og:type\" content=\"article\" \/>\n<meta property=\"og:title\" content=\"Service - Cro Housekeepers\" \/>\n<meta property=\"og:description\" content=\"Basic Basispaket Aufbewahrung Ihrer Schl\u00fcssel in einem vds-zertifizierten Schl\u00fcsseltresor mit Sicherheitsstufe S1 nach EN 14450 Begutachtung Ihrer Immobilie von innen und au\u00dfen 1x pro Monat, Bel\u00fcftung der R\u00e4umlichkeiten, \u00dcberpr\u00fcfung von Fenstern, T\u00fcren, Beleuchtung, Strom- und Wasserinstallationen Notieren von Strom- und Wasserst\u00e4nden (sofern diese frei zug\u00e4nglich sind) Leeren des Briefkastens und Aufbewahrung der Post. Gerne leiten\u2026 Read More &raquo;\" \/>\n<meta property=\"og:url\" content=\"https:\/\/www.cro-housekeepers.com\/de\/service\/\" \/>\n<meta property=\"og:site_name\" content=\"Cro Housekeepers\" \/>\n<meta property=\"article:modified_time\" content=\"2022-09-06T09:42:47+00:00\" \/>\n<meta property=\"og:image\" content=\"https:\/\/www.cro-housekeepers.com\/wp-content\/uploads\/2024\/05\/Cro-House-keepers-Property-Management-1200.jpg\" \/>\n\t<meta property=\"og:image:width\" content=\"1200\" \/>\n\t<meta property=\"og:image:height\" content=\"675\" \/>\n\t<meta property=\"og:image:type\" content=\"image\/jpeg\" \/>\n<meta name=\"twitter:card\" content=\"summary_large_image\" \/>\n<meta name=\"twitter:label1\" content=\"Gesch\u00e4tzte Lesezeit\" \/>\n\t<meta name=\"twitter:data1\" content=\"1\u00a0Minute\" \/>\n<script type=\"application\/ld+json\" class=\"yoast-schema-graph\">{\"@context\":\"https:\\\/\\\/schema.org\",\"@graph\":[{\"@type\":\"WebPage\",\"@id\":\"https:\\\/\\\/www.cro-housekeepers.com\\\/de\\\/service\\\/\",\"url\":\"https:\\\/\\\/www.cro-housekeepers.com\\\/de\\\/service\\\/\",\"name\":\"Service - Cro Housekeepers\",\"isPartOf\":{\"@id\":\"https:\\\/\\\/www.cro-housekeepers.com\\\/de\\\/#website\"},\"datePublished\":\"2022-08-15T09:34:42+00:00\",\"dateModified\":\"2022-09-06T09:42:47+00:00\",\"breadcrumb\":{\"@id\":\"https:\\\/\\\/www.cro-housekeepers.com\\\/de\\\/service\\\/#breadcrumb\"},\"inLanguage\":\"de\",\"potentialAction\":[{\"@type\":\"ReadAction\",\"target\":[\"https:\\\/\\\/www.cro-housekeepers.com\\\/de\\\/service\\\/\"]}]},{\"@type\":\"BreadcrumbList\",\"@id\":\"https:\\\/\\\/www.cro-housekeepers.com\\\/de\\\/service\\\/#breadcrumb\",\"itemListElement\":[{\"@type\":\"ListItem\",\"position\":1,\"name\":\"Startseite\",\"item\":\"https:\\\/\\\/www.cro-housekeepers.com\\\/de\\\/\"},{\"@type\":\"ListItem\",\"position\":2,\"name\":\"Service\"}]},{\"@type\":\"WebSite\",\"@id\":\"https:\\\/\\\/www.cro-housekeepers.com\\\/de\\\/#website\",\"url\":\"https:\\\/\\\/www.cro-housekeepers.com\\\/de\\\/\",\"name\":\"Cro Housekeepers\",\"description\":\" Property service and management | Murter, Vodice, \u0160ibenik\",\"potentialAction\":[{\"@type\":\"SearchAction\",\"target\":{\"@type\":\"EntryPoint\",\"urlTemplate\":\"https:\\\/\\\/www.cro-housekeepers.com\\\/de\\\/?s={search_term_string}\"},\"query-input\":{\"@type\":\"PropertyValueSpecification\",\"valueRequired\":true,\"valueName\":\"search_term_string\"}}],\"inLanguage\":\"de\"}]}<\/script>\n<!-- \/ Yoast SEO plugin. -->","yoast_head_json":{"title":"Service - Cro Housekeepers","robots":{"index":"index","follow":"follow","max-snippet":"max-snippet:-1","max-image-preview":"max-image-preview:large","max-video-preview":"max-video-preview:-1"},"canonical":"https:\/\/www.cro-housekeepers.com\/de\/service\/","og_locale":"de_DE","og_type":"article","og_title":"Service - Cro Housekeepers","og_description":"Basic Basispaket Aufbewahrung Ihrer Schl\u00fcssel in einem vds-zertifizierten Schl\u00fcsseltresor mit Sicherheitsstufe S1 nach EN 14450 Begutachtung Ihrer Immobilie von innen und au\u00dfen 1x pro Monat, Bel\u00fcftung der R\u00e4umlichkeiten, \u00dcberpr\u00fcfung von Fenstern, T\u00fcren, Beleuchtung, Strom- und Wasserinstallationen Notieren von Strom- und Wasserst\u00e4nden (sofern diese frei zug\u00e4nglich sind) Leeren des Briefkastens und Aufbewahrung der Post. Gerne leiten\u2026 Read More &raquo;","og_url":"https:\/\/www.cro-housekeepers.com\/de\/service\/","og_site_name":"Cro Housekeepers","article_modified_time":"2022-09-06T09:42:47+00:00","og_image":[{"width":1200,"height":675,"url":"https:\/\/www.cro-housekeepers.com\/wp-content\/uploads\/2024\/05\/Cro-House-keepers-Property-Management-1200.jpg","type":"image\/jpeg"}],"twitter_card":"summary_large_image","twitter_misc":{"Gesch\u00e4tzte Lesezeit":"1\u00a0Minute"},"schema":{"@context":"https:\/\/schema.org","@graph":[{"@type":"WebPage","@id":"https:\/\/www.cro-housekeepers.com\/de\/service\/","url":"https:\/\/www.cro-housekeepers.com\/de\/service\/","name":"Service - Cro Housekeepers","isPartOf":{"@id":"https:\/\/www.cro-housekeepers.com\/de\/#website"},"datePublished":"2022-08-15T09:34:42+00:00","dateModified":"2022-09-06T09:42:47+00:00","breadcrumb":{"@id":"https:\/\/www.cro-housekeepers.com\/de\/service\/#breadcrumb"},"inLanguage":"de","potentialAction":[{"@type":"ReadAction","target":["https:\/\/www.cro-housekeepers.com\/de\/service\/"]}]},{"@type":"BreadcrumbList","@id":"https:\/\/www.cro-housekeepers.com\/de\/service\/#breadcrumb","itemListElement":[{"@type":"ListItem","position":1,"name":"Startseite","item":"https:\/\/www.cro-housekeepers.com\/de\/"},{"@type":"ListItem","position":2,"name":"Service"}]},{"@type":"WebSite","@id":"https:\/\/www.cro-housekeepers.com\/de\/#website","url":"https:\/\/www.cro-housekeepers.com\/de\/","name":"Cro Housekeepers","description":" Property service and management | Murter, Vodice, \u0160ibenik","potentialAction":[{"@type":"SearchAction","target":{"@type":"EntryPoint","urlTemplate":"https:\/\/www.cro-housekeepers.com\/de\/?s={search_term_string}"},"query-input":{"@type":"PropertyValueSpecification","valueRequired":true,"valueName":"search_term_string"}}],"inLanguage":"de"}]}},"_links":{"self":[{"href":"https:\/\/www.cro-housekeepers.com\/de\/wp-json\/wp\/v2\/pages\/178","targetHints":{"allow":["GET"]}}],"collection":[{"href":"https:\/\/www.cro-housekeepers.com\/de\/wp-json\/wp\/v2\/pages"}],"about":[{"href":"https:\/\/www.cro-housekeepers.com\/de\/wp-json\/wp\/v2\/types\/page"}],"author":[{"embeddable":true,"href":"https:\/\/www.cro-housekeepers.com\/de\/wp-json\/wp\/v2\/users\/1"}],"replies":[{"embeddable":true,"href":"https:\/\/www.cro-housekeepers.com\/de\/wp-json\/wp\/v2\/comments?post=178"}],"version-history":[{"count":9,"href":"https:\/\/www.cro-housekeepers.com\/de\/wp-json\/wp\/v2\/pages\/178\/revisions"}],"predecessor-version":[{"id":427,"href":"https:\/\/www.cro-housekeepers.com\/de\/wp-json\/wp\/v2\/pages\/178\/revisions\/427"}],"wp:attachment":[{"href":"https:\/\/www.cro-housekeepers.com\/de\/wp-json\/wp\/v2\/media?parent=178"}],"curies":[{"name":"wp","href":"https:\/\/api.w.org\/{rel}","templated":true}]}}