{"id":176,"date":"2022-08-15T11:34:51","date_gmt":"2022-08-15T09:34:51","guid":{"rendered":"https:\/\/cro-housekeepers.nilsrogavac.de\/feuerwehr\/"},"modified":"2024-12-20T12:39:25","modified_gmt":"2024-12-20T11:39:25","slug":"feuerwehr","status":"publish","type":"page","link":"https:\/\/www.cro-housekeepers.com\/de\/feuerwehr\/","title":{"rendered":"Soziales Engagement"},"content":{"rendered":"\n<h2 class=\"wp-block-heading\">W\u00fcrden Sie f\u00fcr 700\u20ac im Monat ihr Leben riskieren?<\/h2>\n\n<div class=\"wp-block-columns is-layout-flex wp-container-core-columns-is-layout-9d6595d7 wp-block-columns-is-layout-flex\">\n<div class=\"wp-block-column is-layout-flow wp-block-column-is-layout-flow\">\n<p>Keine zwei Monate hat es gedauert, als wir nach Kroatien ausgewandert sind, bis wir das erste Feuer hautnah miterleben mussten. Durch eine offene Flamme verursacht, breitete sich das Feuer durch starke Winde in rasender Geschwindigkeit aus. Was am Vormittag wie ein kleiner Brand wirkte, wurde am Abend zum Inferno. F\u00fcnf L\u00f6schflugzeuge und mehr als 300 Feuerwehrleute waren am Einsatz beteiligt. Erst am n\u00e4chsten Abend war das Feuer unter Kontrolle. Zahlreiche Olivenhaine, Autos und H\u00e4user sind dem Feuer zum Opfer gefallen. Es war ein schlimmes, traumatisches Erlebnis f\u00fcr unsere Familie, das dazu gef\u00fchrt hat, dass wir uns intensiv mit der Situation der Feuerwehr in Kroatien befasst haben.<\/p>\n\n\n\n<p>Wir konnten kaum glauben, unter welchen Umst\u00e4nden diese mutigen M\u00e4nner und Frauen so oft ihr Leben riskieren. Der Lohn reicht nicht zum Leben, oft gehen sie noch weiteren T\u00e4tigkeiten nach, um ihre Familien ern\u00e4hren zu k\u00f6nnen. Die L\u00f6schfahrzeuge und technische Ausr\u00fcstung sind teils in einem desolaten Zustand, stark reparaturbed\u00fcrftig oder ganz defekt. Es fehlt an allen Ecken und Enden. Wir hatten das Gef\u00fchl, dass allein die Wertsch\u00e4tzung der Kroaten ihre Helden dazu bewegt, sich freiwillig bei der Feuerwehr zu melden.&#13;\n<\/p>\n<\/div>\n\n\n\n<div class=\"wp-block-column is-layout-flow wp-block-column-is-layout-flow\">\n<p>Uns war klar, dass wir uns hier engagieren m\u00fcssen. Wie soll die Feuerwehr f\u00e4hig und willens sein, auch in Zukunft unser Hab und Gut vor Naturkatastrophen zu sch\u00fctzen, wenn wir nicht ebenfalls dabei helfen?<\/p>\n\n\n\n<p>Daher haben wir von Cro Housekeepers es uns zur Aufgabe gemacht, die Feuerwehr regelm\u00e4\u00dfig finanziell zu unterst\u00fctzen. Mit jedem neu abgeschlossenen Basispaket spenden wir einen monatlichen Betrag von 5,00\u20ac an die Feuerwehrstation in Vodice. Wir freuen uns gemeinsam mit Ihnen, diesen Menschen unsere Wertsch\u00e4tzung f\u00fcr Ihren unglaublichen Mut zum Ausdruck zu bringen.<\/p>\n\n\n\n<p>Gerne k\u00f6nnen Sie unter dem Verwendungszweck DONACIJA direkt einen Spendenbeitrag an die Feuerwehr in Vodice leisten:<br\/>&#13;\nOTP Banka<br\/>&#13;\nHR2724070001100538675<br\/>&#13;\nBIC (SWIFT) code: OTPVHR2X<\/p>\n<\/div>\n<\/div>\n","protected":false},"excerpt":{"rendered":"<p>W\u00fcrden Sie f\u00fcr 700\u20ac im Monat ihr Leben riskieren? Keine zwei Monate hat es gedauert, als wir nach Kroatien ausgewandert sind, bis wir das erste Feuer hautnah miterleben mussten. Durch eine offene Flamme verursacht, breitete sich das Feuer durch starke Winde in rasender Geschwindigkeit aus. Was am Vormittag wie ein kleiner Brand wirkte, wurde am\u2026 <a href=\"https:\/\/www.cro-housekeepers.com\/de\/feuerwehr\/\">Read More &raquo;<\/a><\/p>\n","protected":false},"author":1,"featured_media":0,"parent":0,"menu_order":3,"comment_status":"closed","ping_status":"closed","template":"page-firefighters.php","meta":{"_acf_changed":false,"inline_featured_image":false,"footnotes":""},"class_list":["post-176","page","type-page","status-publish","hentry"],"acf":[],"yoast_head":"<!-- This site is optimized with the Yoast SEO plugin v27.4 - https:\/\/yoast.com\/product\/yoast-seo-wordpress\/ -->\n<title>Soziales Engagement - Cro Housekeepers<\/title>\n<meta name=\"description\" content=\"Wir von Cro Housekeepers haben es uns zur Aufgabe gemacht, die Feuerwehr regelm\u00e4\u00dfig zu unterst\u00fctzen. Daf\u00fcr bedanken wir uns gerne.\" \/>\n<meta name=\"robots\" content=\"index, follow, max-snippet:-1, max-image-preview:large, max-video-preview:-1\" \/>\n<link rel=\"canonical\" href=\"https:\/\/www.cro-housekeepers.com\/de\/feuerwehr\/\" \/>\n<meta property=\"og:locale\" content=\"de_DE\" \/>\n<meta property=\"og:type\" content=\"article\" \/>\n<meta property=\"og:title\" content=\"Soziales Engagement - Cro Housekeepers\" \/>\n<meta property=\"og:description\" content=\"Wir von Cro Housekeepers haben es uns zur Aufgabe gemacht, die Feuerwehr regelm\u00e4\u00dfig zu unterst\u00fctzen. Daf\u00fcr bedanken wir uns gerne.\" \/>\n<meta property=\"og:url\" content=\"https:\/\/www.cro-housekeepers.com\/de\/feuerwehr\/\" \/>\n<meta property=\"og:site_name\" content=\"Cro Housekeepers\" \/>\n<meta property=\"article:modified_time\" content=\"2024-12-20T11:39:25+00:00\" \/>\n<meta property=\"og:image\" content=\"https:\/\/www.cro-housekeepers.com\/wp-content\/uploads\/2024\/05\/Cro-House-keepers-Property-Management-1200.jpg\" \/>\n\t<meta property=\"og:image:width\" content=\"1200\" \/>\n\t<meta property=\"og:image:height\" content=\"675\" \/>\n\t<meta property=\"og:image:type\" content=\"image\/jpeg\" \/>\n<meta name=\"twitter:card\" content=\"summary_large_image\" \/>\n<meta name=\"twitter:label1\" content=\"Gesch\u00e4tzte Lesezeit\" \/>\n\t<meta name=\"twitter:data1\" content=\"2\u00a0Minuten\" \/>\n<script type=\"application\/ld+json\" class=\"yoast-schema-graph\">{\"@context\":\"https:\\\/\\\/schema.org\",\"@graph\":[{\"@type\":\"WebPage\",\"@id\":\"https:\\\/\\\/www.cro-housekeepers.com\\\/de\\\/feuerwehr\\\/\",\"url\":\"https:\\\/\\\/www.cro-housekeepers.com\\\/de\\\/feuerwehr\\\/\",\"name\":\"Soziales Engagement - Cro Housekeepers\",\"isPartOf\":{\"@id\":\"https:\\\/\\\/www.cro-housekeepers.com\\\/de\\\/#website\"},\"datePublished\":\"2022-08-15T09:34:51+00:00\",\"dateModified\":\"2024-12-20T11:39:25+00:00\",\"description\":\"Wir von Cro Housekeepers haben es uns zur Aufgabe gemacht, die Feuerwehr regelm\u00e4\u00dfig zu unterst\u00fctzen. Daf\u00fcr bedanken wir uns gerne.\",\"breadcrumb\":{\"@id\":\"https:\\\/\\\/www.cro-housekeepers.com\\\/de\\\/feuerwehr\\\/#breadcrumb\"},\"inLanguage\":\"de\",\"potentialAction\":[{\"@type\":\"ReadAction\",\"target\":[\"https:\\\/\\\/www.cro-housekeepers.com\\\/de\\\/feuerwehr\\\/\"]}]},{\"@type\":\"BreadcrumbList\",\"@id\":\"https:\\\/\\\/www.cro-housekeepers.com\\\/de\\\/feuerwehr\\\/#breadcrumb\",\"itemListElement\":[{\"@type\":\"ListItem\",\"position\":1,\"name\":\"Startseite\",\"item\":\"https:\\\/\\\/www.cro-housekeepers.com\\\/de\\\/\"},{\"@type\":\"ListItem\",\"position\":2,\"name\":\"Soziales Engagement\"}]},{\"@type\":\"WebSite\",\"@id\":\"https:\\\/\\\/www.cro-housekeepers.com\\\/de\\\/#website\",\"url\":\"https:\\\/\\\/www.cro-housekeepers.com\\\/de\\\/\",\"name\":\"Cro Housekeepers\",\"description\":\" Property service and management | Murter, Vodice, \u0160ibenik\",\"potentialAction\":[{\"@type\":\"SearchAction\",\"target\":{\"@type\":\"EntryPoint\",\"urlTemplate\":\"https:\\\/\\\/www.cro-housekeepers.com\\\/de\\\/?s={search_term_string}\"},\"query-input\":{\"@type\":\"PropertyValueSpecification\",\"valueRequired\":true,\"valueName\":\"search_term_string\"}}],\"inLanguage\":\"de\"}]}<\/script>\n<!-- \/ Yoast SEO plugin. -->","yoast_head_json":{"title":"Soziales Engagement - Cro Housekeepers","description":"Wir von Cro Housekeepers haben es uns zur Aufgabe gemacht, die Feuerwehr regelm\u00e4\u00dfig zu unterst\u00fctzen. Daf\u00fcr bedanken wir uns gerne.","robots":{"index":"index","follow":"follow","max-snippet":"max-snippet:-1","max-image-preview":"max-image-preview:large","max-video-preview":"max-video-preview:-1"},"canonical":"https:\/\/www.cro-housekeepers.com\/de\/feuerwehr\/","og_locale":"de_DE","og_type":"article","og_title":"Soziales Engagement - Cro Housekeepers","og_description":"Wir von Cro Housekeepers haben es uns zur Aufgabe gemacht, die Feuerwehr regelm\u00e4\u00dfig zu unterst\u00fctzen. Daf\u00fcr bedanken wir uns gerne.","og_url":"https:\/\/www.cro-housekeepers.com\/de\/feuerwehr\/","og_site_name":"Cro Housekeepers","article_modified_time":"2024-12-20T11:39:25+00:00","og_image":[{"width":1200,"height":675,"url":"https:\/\/www.cro-housekeepers.com\/wp-content\/uploads\/2024\/05\/Cro-House-keepers-Property-Management-1200.jpg","type":"image\/jpeg"}],"twitter_card":"summary_large_image","twitter_misc":{"Gesch\u00e4tzte Lesezeit":"2\u00a0Minuten"},"schema":{"@context":"https:\/\/schema.org","@graph":[{"@type":"WebPage","@id":"https:\/\/www.cro-housekeepers.com\/de\/feuerwehr\/","url":"https:\/\/www.cro-housekeepers.com\/de\/feuerwehr\/","name":"Soziales Engagement - Cro Housekeepers","isPartOf":{"@id":"https:\/\/www.cro-housekeepers.com\/de\/#website"},"datePublished":"2022-08-15T09:34:51+00:00","dateModified":"2024-12-20T11:39:25+00:00","description":"Wir von Cro Housekeepers haben es uns zur Aufgabe gemacht, die Feuerwehr regelm\u00e4\u00dfig zu unterst\u00fctzen. Daf\u00fcr bedanken wir uns gerne.","breadcrumb":{"@id":"https:\/\/www.cro-housekeepers.com\/de\/feuerwehr\/#breadcrumb"},"inLanguage":"de","potentialAction":[{"@type":"ReadAction","target":["https:\/\/www.cro-housekeepers.com\/de\/feuerwehr\/"]}]},{"@type":"BreadcrumbList","@id":"https:\/\/www.cro-housekeepers.com\/de\/feuerwehr\/#breadcrumb","itemListElement":[{"@type":"ListItem","position":1,"name":"Startseite","item":"https:\/\/www.cro-housekeepers.com\/de\/"},{"@type":"ListItem","position":2,"name":"Soziales Engagement"}]},{"@type":"WebSite","@id":"https:\/\/www.cro-housekeepers.com\/de\/#website","url":"https:\/\/www.cro-housekeepers.com\/de\/","name":"Cro Housekeepers","description":" Property service and management | Murter, Vodice, \u0160ibenik","potentialAction":[{"@type":"SearchAction","target":{"@type":"EntryPoint","urlTemplate":"https:\/\/www.cro-housekeepers.com\/de\/?s={search_term_string}"},"query-input":{"@type":"PropertyValueSpecification","valueRequired":true,"valueName":"search_term_string"}}],"inLanguage":"de"}]}},"_links":{"self":[{"href":"https:\/\/www.cro-housekeepers.com\/de\/wp-json\/wp\/v2\/pages\/176","targetHints":{"allow":["GET"]}}],"collection":[{"href":"https:\/\/www.cro-housekeepers.com\/de\/wp-json\/wp\/v2\/pages"}],"about":[{"href":"https:\/\/www.cro-housekeepers.com\/de\/wp-json\/wp\/v2\/types\/page"}],"author":[{"embeddable":true,"href":"https:\/\/www.cro-housekeepers.com\/de\/wp-json\/wp\/v2\/users\/1"}],"replies":[{"embeddable":true,"href":"https:\/\/www.cro-housekeepers.com\/de\/wp-json\/wp\/v2\/comments?post=176"}],"version-history":[{"count":8,"href":"https:\/\/www.cro-housekeepers.com\/de\/wp-json\/wp\/v2\/pages\/176\/revisions"}],"predecessor-version":[{"id":600,"href":"https:\/\/www.cro-housekeepers.com\/de\/wp-json\/wp\/v2\/pages\/176\/revisions\/600"}],"wp:attachment":[{"href":"https:\/\/www.cro-housekeepers.com\/de\/wp-json\/wp\/v2\/media?parent=176"}],"curies":[{"name":"wp","href":"https:\/\/api.w.org\/{rel}","templated":true}]}}